{"id":14,"date":"2020-11-03T11:39:48","date_gmt":"2020-11-03T10:39:48","guid":{"rendered":"http:\/\/qualidb.com\/?page_id=14"},"modified":"2020-12-30T22:46:45","modified_gmt":"2020-12-30T21:46:45","slug":"membership-login","status":"publish","type":"page","link":"https:\/\/qualidb.com\/","title":{"rendered":"QUALIDB"},"content":{"rendered":"<p>[et_pb_section fb_built=\u00a0\u00bb1&Prime; admin_label=\u00a0\u00bbsection\u00a0\u00bb _builder_version=\u00a0\u00bb4.6.6&Prime; background_color=\u00a0\u00bbrgba(0,0,0,0)\u00a0\u00bb background_image=\u00a0\u00bbhttps:\/\/qualidb.com\/wp-content\/uploads\/2020\/11\/Library.jpg\u00a0\u00bb da_disable_devices=\u00a0\u00bboff|off|off\u00a0\u00bb da_is_popup=\u00a0\u00bboff\u00a0\u00bb da_exit_intent=\u00a0\u00bboff\u00a0\u00bb da_has_close=\u00a0\u00bbon\u00a0\u00bb da_alt_close=\u00a0\u00bboff\u00a0\u00bb da_dark_close=\u00a0\u00bboff\u00a0\u00bb da_not_modal=\u00a0\u00bbon\u00a0\u00bb da_is_singular=\u00a0\u00bboff\u00a0\u00bb da_with_loader=\u00a0\u00bboff\u00a0\u00bb da_has_shadow=\u00a0\u00bbon\u00a0\u00bb][et_pb_row column_structure=\u00a0\u00bb1_3,1_3,1_3&Prime; _builder_version=\u00a0\u00bb4.6.6&Prime; _module_preset=\u00a0\u00bbdefault\u00a0\u00bb custom_padding=\u00a0\u00bb0px||0px|||\u00a0\u00bb][et_pb_column type=\u00a0\u00bb1_3&Prime; _builder_version=\u00a0\u00bb4.6.6&Prime; _module_preset=\u00a0\u00bbdefault\u00a0\u00bb][\/et_pb_column][et_pb_column type=\u00a0\u00bb1_3&Prime; _builder_version=\u00a0\u00bb4.6.6&Prime; _module_preset=\u00a0\u00bbdefault\u00a0\u00bb][et_pb_image src=\u00a0\u00bbhttps:\/\/qualidb.com\/wp-content\/uploads\/2020\/11\/Logo-QUALIDB-1.png\u00a0\u00bb title_text=\u00a0\u00bbLogo QUALIDB\u00a0\u00bb align=\u00a0\u00bbcenter\u00a0\u00bb _builder_version=\u00a0\u00bb4.6.6&Prime; _module_preset=\u00a0\u00bbdefault\u00a0\u00bb border_radii=\u00a0\u00bbon|50px|50px|50px|50px\u00a0\u00bb][\/et_pb_image][\/et_pb_column][et_pb_column type=\u00a0\u00bb1_3&Prime; _builder_version=\u00a0\u00bb4.6.6&Prime; _module_preset=\u00a0\u00bbdefault\u00a0\u00bb][\/et_pb_column][\/et_pb_row][et_pb_row _builder_version=\u00a0\u00bb4.6.6&Prime; _module_preset=\u00a0\u00bbdefault\u00a0\u00bb background_color=\u00a0\u00bbrgba(0,0,0,0)\u00a0\u00bb][et_pb_column type=\u00a0\u00bb4_4&Prime; _builder_version=\u00a0\u00bb4.6.6&Prime; _module_preset=\u00a0\u00bbdefault\u00a0\u00bb][et_pb_text _builder_version=\u00a0\u00bb4.7.7&Prime; _module_preset=\u00a0\u00bbdefault\u00a0\u00bb text_font_size=\u00a0\u00bb17px\u00a0\u00bb background_color=\u00a0\u00bb#ffffff\u00a0\u00bb custom_padding=\u00a0\u00bb10px|10px|10px|10px|false|false\u00a0\u00bb hover_enabled=\u00a0\u00bb0&Prime; border_radii=\u00a0\u00bbon|5px|5px|5px|5px\u00a0\u00bb sticky_enabled=\u00a0\u00bb0&Prime;]<\/p>\n<p style=\"text-align: center;\"><strong><span size=\"20px\">Bienvenue sur QUALIDB, votre plateforme Qualit\u00e9 d\u00e9velopp\u00e9e exclusivement pour les clients de QUALISTEP. <\/span><\/strong><\/p>\n<p>Apr\u00e8s vous \u00eatre identifi\u00e9, vous pourrez consulter nos fiches r\u00e8glementaires pour am\u00e9liorer votre maitrise de la r\u00e8glementation. Ne manquez pas non plus nos fiches th\u00e9matiques pour vous informer de tout ce qui se passe dans l&rsquo;univers de la consommation. Afin d&rsquo;\u00eatre bien clair, un lexique a \u00e9galement \u00e9t\u00e9 int\u00e9gr\u00e9. Notre jargon n&rsquo;aura plus de secret pour vous.<\/p>\n<p>Comprend actuellement :<\/p>\n<p>&#8211; Une veille informative.<\/p>\n<p>&#8211; 50 fiches r\u00e8glementaires<\/p>\n<p>&#8211; 4 fiches th\u00e9matiques<\/p>\n<p>&#8211; des d\u00e9finitions de termes techniques, des explications sur des logos, &#8230;<\/p>\n<p>&nbsp;<\/p>\n<p>[\/et_pb_text][\/et_pb_column][\/et_pb_row][et_pb_row column_structure=\u00a0\u00bb1_2,1_2&Prime; _builder_version=\u00a0\u00bb4.7.7&Prime; _module_preset=\u00a0\u00bbdefault\u00a0\u00bb background_color=\u00a0\u00bb#1fe0ba\u00a0\u00bb border_radii=\u00a0\u00bbon|5px|5px|5px|5px\u00a0\u00bb][et_pb_column type=\u00a0\u00bb1_2&Prime; _builder_version=\u00a0\u00bb4.6.6&Prime; _module_preset=\u00a0\u00bbdefault\u00a0\u00bb][et_pb_text _builder_version=\u00a0\u00bb4.6.6&Prime; _module_preset=\u00a0\u00bbdefault\u00a0\u00bb text_font=\u00a0\u00bbArial|300|||||||\u00a0\u00bb text_text_color=\u00a0\u00bb#000000&Prime; text_font_size=\u00a0\u00bb15px\u00a0\u00bb text_orientation=\u00a0\u00bbcenter\u00a0\u00bb custom_margin=\u00a0\u00bb15%||||false|false\u00a0\u00bb]<\/p>\n<p>Il est n\u00e9cessaire de disposer d&rsquo;un identifiant et d&rsquo;un mot de passe pour y acc\u00e9der.<br \/> Si vous ne disposez pas d&rsquo;un compte, merci de nous contacter par l&rsquo;interm\u00e9diaire de notre site <a href=\"https:\/\/www.qualistep.com\">QUALISTEP<\/a>.<\/p>\n<p>[\/et_pb_text][\/et_pb_column][et_pb_column type=\u00a0\u00bb1_2&Prime; _builder_version=\u00a0\u00bb4.6.6&Prime; _module_preset=\u00a0\u00bbdefault\u00a0\u00bb][et_pb_code _builder_version=\u00a0\u00bb4.6.6&Prime; _module_preset=\u00a0\u00bbdefault\u00a0\u00bb background_enable_color=\u00a0\u00bboff\u00a0\u00bb text_orientation=\u00a0\u00bbcenter\u00a0\u00bb]<center><!-- [et_pb_line_break_holder] --><div id=\"wpmem_login\"><a id=\"login\"><\/a><form action=\"https:\/\/qualidb.com\/\" method=\"POST\" id=\"wpmem_login_form\" class=\"form\"><input type=\"hidden\" id=\"_wpmem_login_nonce\" name=\"_wpmem_login_nonce\" value=\"c14cbfa1b9\" \/><input type=\"hidden\" name=\"_wp_http_referer\" value=\"\/index.php?rest_route=%2Fwp%2Fv2%2Fpages%2F14\" \/><fieldset><legend>Connexion pour les utilisateurs enregistr\u00e9s<\/legend><label for=\"log\">Identifiant ou e-mail<\/label><div class=\"div_text\"><input name=\"log\" type=\"text\" id=\"log\" value=\"\" class=\"username\" required  \/><\/div><label for=\"pwd\">Mot de passe<\/label><div class=\"div_text\"><input name=\"pwd\" type=\"password\" id=\"pwd\" class=\"password\" required  \/><\/div><input name=\"a\" type=\"hidden\" value=\"login\" \/><input name=\"redirect_to\" type=\"hidden\" value=\"https:\/\/qualidb.com\/\" \/><div class=\"button_div\"><input name=\"rememberme\" type=\"checkbox\" id=\"rememberme\" value=\"forever\" \/>&nbsp;<label for=\"rememberme\">Se souvenir de moi<\/label>&nbsp;&nbsp;<input type=\"submit\" name=\"Submit\" value=\"Connexion\" class=\"buttons\" \/><\/div><\/fieldset><\/form><\/div><!-- [et_pb_line_break_holder] -->  <\/center><!-- [et_pb_line_break_holder] -->[\/et_pb_code][\/et_pb_column][\/et_pb_row][\/et_pb_section]<\/p>\n","protected":false},"excerpt":{"rendered":"<p>Bienvenue sur QUALIDB, votre plateforme Qualit\u00e9 d\u00e9velopp\u00e9e exclusivement pour les clients de QUALISTEP. Apr\u00e8s vous \u00eatre identifi\u00e9, vous pourrez consulter nos fiches r\u00e8glementaires pour am\u00e9liorer votre maitrise de la r\u00e8glementation. Ne manquez pas non plus nos fiches th\u00e9matiques pour vous informer de tout ce qui se passe dans l&rsquo;univers de la consommation. Afin d&rsquo;\u00eatre bien [&hellip;]<\/p>\n","protected":false},"author":1,"featured_media":0,"parent":0,"menu_order":0,"comment_status":"closed","ping_status":"closed","template":"","meta":{"_et_pb_use_builder":"on","_et_pb_old_content":"<!-- wp:pullquote {\"className\":\"is-style-default\"} -->\n<figure class=\"wp-block-pullquote is-style-default\"><blockquote><p>Base de donn\u00e9es QUALITE <\/p><p>r\u00e9serv\u00e9e aux clients de QUALISTEP SARL<\/p><\/blockquote><\/figure>\n<!-- \/wp:pullquote -->\n\n<!-- wp:paragraph {\"align\":\"center\"} -->\n<p class=\"has-text-align-center\">Renseignez votre identifiant et votre mot de passe pour acc\u00e9der \u00e0 la base de donn\u00e9es.<\/p>\n<!-- \/wp:paragraph -->\n\n<p>[swpm_login_form]<\/p>\n\n<!-- wp:paragraph -->\n<p>Vous ne disposez pas d'un compte ou vous avez oubli\u00e9 votre mot de passe. Merci de nous contacter via notre site <a href=\"http:\/\/www.qualistep.com\">QUALISTEP.COM<\/a><\/p>\n<!-- \/wp:paragraph -->","_et_gb_content_width":"","footnotes":""},"class_list":["post-14","page","type-page","status-publish","hentry"],"_links":{"self":[{"href":"https:\/\/qualidb.com\/index.php?rest_route=\/wp\/v2\/pages\/14","targetHints":{"allow":["GET"]}}],"collection":[{"href":"https:\/\/qualidb.com\/index.php?rest_route=\/wp\/v2\/pages"}],"about":[{"href":"https:\/\/qualidb.com\/index.php?rest_route=\/wp\/v2\/types\/page"}],"author":[{"embeddable":true,"href":"https:\/\/qualidb.com\/index.php?rest_route=\/wp\/v2\/users\/1"}],"replies":[{"embeddable":true,"href":"https:\/\/qualidb.com\/index.php?rest_route=%2Fwp%2Fv2%2Fcomments&post=14"}],"version-history":[{"count":33,"href":"https:\/\/qualidb.com\/index.php?rest_route=\/wp\/v2\/pages\/14\/revisions"}],"predecessor-version":[{"id":1123,"href":"https:\/\/qualidb.com\/index.php?rest_route=\/wp\/v2\/pages\/14\/revisions\/1123"}],"wp:attachment":[{"href":"https:\/\/qualidb.com\/index.php?rest_route=%2Fwp%2Fv2%2Fmedia&parent=14"}],"curies":[{"name":"wp","href":"https:\/\/api.w.org\/{rel}","templated":true}]}}